{"id":2,"date":"2019-10-21T17:47:12","date_gmt":"2019-10-21T15:47:12","guid":{"rendered":"https:\/\/www.lafilaventure.com\/?page_id=2"},"modified":"2025-01-09T11:41:30","modified_gmt":"2025-01-09T10:41:30","slug":"agenda","status":"publish","type":"page","link":"https:\/\/www.lafilaventure.com\/en\/agenda\/","title":{"rendered":"CALENDAR"},"content":{"rendered":"<p>[et_pb_section fb_built=\u00a0\u00bb1&Prime; specialty=\u00a0\u00bbon\u00a0\u00bb custom_padding_last_edited=\u00a0\u00bbon|tablet\u00a0\u00bb module_id_1=\u00a0\u00bbstickyy\u00a0\u00bb module_class_1=\u00a0\u00bbstickyy\u00a0\u00bb custom_css_main_1=\u00a0\u00bbbackground-color: #262626;||box-shadow: 10px 10px 0px 0px rgba(0,0,0,0.29);\u00a0\u00bb admin_label=\u00a0\u00bbServices Section\u00a0\u00bb module_id=\u00a0\u00bbservices\u00a0\u00bb _builder_version=\u00a0\u00bb4.16&Prime; background_color=\u00a0\u00bb#ffffff\u00a0\u00bb inner_max_width=\u00a0\u00bb100%\u00a0\u00bb inner_module_alignment=\u00a0\u00bbcenter\u00a0\u00bb custom_padding=\u00a0\u00bb50px||75px|\u00a0\u00bb custom_padding_tablet=\u00a0\u00bb50px||50px|\u00a0\u00bb custom_padding_phone=\u00a0\u00bb\u00a0\u00bb use_custom_width=\u00a0\u00bbon\u00a0\u00bb custom_width_px=\u00a0\u00bb1220px\u00a0\u00bb global_colors_info=\u00a0\u00bb{}\u00a0\u00bb][et_pb_column type=\u00a0\u00bb1_3&Prime; _builder_version=\u00a0\u00bb4.16&Prime; custom_padding=\u00a0\u00bb|||\u00a0\u00bb global_colors_info=\u00a0\u00bb{}\u00a0\u00bb parallax__hover=\u00a0\u00bboff\u00a0\u00bb parallax_method__hover=\u00a0\u00bbon\u00a0\u00bb custom_padding__hover=\u00a0\u00bb|||\u00a0\u00bb][et_pb_text disabled_on=\u00a0\u00bbon|on|on\u00a0\u00bb _builder_version=\u00a0\u00bb4.16&Prime; text_font=\u00a0\u00bbGotham||||||||\u00a0\u00bb text_font_size=\u00a0\u00bb18px\u00a0\u00bb custom_margin=\u00a0\u00bb|||30px|false|false\u00a0\u00bb disabled=\u00a0\u00bbon\u00a0\u00bb global_colors_info=\u00a0\u00bb{}\u00a0\u00bb]<\/p>\n<ul>\n<li><a href=\"#\"><span style=\"color: #ffffff;\">Programme des activit\u00e9s<\/span><\/a><\/li>\n<li><span style=\"color: #ffffff;\"><a href=\"#\" style=\"color: #ffffff;\">Billetterie et r\u00e9servations<\/a><\/span><\/li>\n<li><a href=\"#\"><span style=\"color: #ffffff;\">USEFUL INFO<\/span><\/a><\/li>\n<li><a href=\"#\"><span style=\"color: #ffffff;\">Education<\/span><\/a><\/li>\n<\/ul>\n<p>[\/et_pb_text][et_pb_text _builder_version=\u00a0\u00bb4.17.4&Prime; text_font=\u00a0\u00bbGotham|||on|||||\u00a0\u00bb text_text_color=\u00a0\u00bb#FFFFFF\u00a0\u00bb text_font_size=\u00a0\u00bb1.5vw\u00a0\u00bb text_line_height=\u00a0\u00bb1.3em\u00a0\u00bb header_font=\u00a0\u00bbGotham Light|||on|||||\u00a0\u00bb header_text_color=\u00a0\u00bb#FFFFFF\u00a0\u00bb header_font_size=\u00a0\u00bb37px\u00a0\u00bb text_orientation=\u00a0\u00bbcenter\u00a0\u00bb max_width=\u00a0\u00bb70%\u00a0\u00bb module_alignment=\u00a0\u00bbcenter\u00a0\u00bb custom_margin=\u00a0\u00bb||10px|62px||\u00a0\u00bb custom_padding=\u00a0\u00bb||0px|||\u00a0\u00bb text_font_size_tablet=\u00a0\u00bb35px\u00a0\u00bb text_font_size_phone=\u00a0\u00bb25px\u00a0\u00bb text_font_size_last_edited=\u00a0\u00bbon|phone\u00a0\u00bb custom_css_main_element=\u00a0\u00bbword-break: keep-all;\u00a0\u00bb global_colors_info=\u00a0\u00bb{}\u00a0\u00bb]Dates de visite[\/et_pb_text][et_pb_divider color=\u00a0\u00bb#a41f30&Prime; divider_weight=\u00a0\u00bb3px\u00a0\u00bb _builder_version=\u00a0\u00bb4.16&Prime; width=\u00a0\u00bb40%\u00a0\u00bb module_alignment=\u00a0\u00bbcenter\u00a0\u00bb custom_margin=\u00a0\u00bb0px||0px||false|false\u00a0\u00bb custom_padding=\u00a0\u00bb0px||0px||false|false\u00a0\u00bb global_colors_info=\u00a0\u00bb{}\u00a0\u00bb][\/et_pb_divider][\/et_pb_column][et_pb_column type=\u00a0\u00bb2_3&Prime; specialty_columns=\u00a0\u00bb2&Prime; _builder_version=\u00a0\u00bb4.16&Prime; custom_padding=\u00a0\u00bb|||\u00a0\u00bb global_colors_info=\u00a0\u00bb{}\u00a0\u00bb parallax__hover=\u00a0\u00bboff\u00a0\u00bb parallax_method__hover=\u00a0\u00bbon\u00a0\u00bb custom_padding__hover=\u00a0\u00bb|||\u00a0\u00bb][et_pb_row_inner _builder_version=\u00a0\u00bb4.16&Prime; background_color=\u00a0\u00bb#ffffff\u00a0\u00bb custom_padding=\u00a0\u00bb||0px|||\u00a0\u00bb border_width_all=\u00a0\u00bb6px\u00a0\u00bb border_color_all=\u00a0\u00bb#474747&Prime; box_shadow_style=\u00a0\u00bbpreset4&Prime; global_colors_info=\u00a0\u00bb{}\u00a0\u00bb][et_pb_column_inner saved_specialty_column_type=\u00a0\u00bb2_3&Prime; _builder_version=\u00a0\u00bb4.16&Prime; global_colors_info=\u00a0\u00bb{}\u00a0\u00bb][et_pb_text _builder_version=\u00a0\u00bb4.17.4&Prime; _module_preset=\u00a0\u00bbdefault\u00a0\u00bb custom_margin=\u00a0\u00bb10px|10px|10px|10px|false|false\u00a0\u00bb custom_padding=\u00a0\u00bb10px|10px|10px|10px|false|false\u00a0\u00bb global_colors_info=\u00a0\u00bb{}\u00a0\u00bb]<\/p>\n<h2 style=\"text-align: center;\"><strong style=\"color: var(--tec-color-text-primary); font-family: var(--tec-font-family-sans-serif);\"><span style=\"color: #000000;\">Circuit 1808<\/span><\/strong><\/h2>\n<p>&nbsp;<\/p>\n<p>Nouvelle exp\u00e9rience de d\u00e9couverte in\u00e9dite qui combine un parcours dans la ville, une d\u00e9couverte des Ateliers de la Manufacture et une visite du Mus\u00e9e La Filaventure.<\/p>\n<p>Autrefois capitale textile, l\u2019Isle-sur-la-Sorgue a d\u00e9velopp\u00e9 des outils industriels en se dotant de roues \u00e0 aubes, de moulins \u00e0 foulon, de machines \u00e0 filer et, plus tard, de m\u00e9tiers \u00e0 tisser m\u00e9caniques. T\u00e9moin vivant de cette \u00e9poque, la Manufacture Brun de Vian-Tiran propose plusieurs jours par mois, \u00e0 partir d\u2019avril jusqu\u2019\u00e0 fin octobre, une visite exceptionnelle et priv\u00e9e de ses ateliers, une balade au c\u0153ur de L\u2019Isle textile et une d\u00e9couverte du mus\u00e9e la Filaventure.<\/p>\n<p><span style=\"font-size: var(--tec-font-size-4); color: var(--tec-color-text-primary); font-family: var(--tec-font-family-sans-serif);\"><strong>Au programme :<\/strong> un circuit de visite dans la ville de 20 minutes, pour retracer l\u2019histoire patrimoniale de la Manufacture \u2013 labellis\u00e9e Entreprise du Patrimoine Vivant \u2013 \u00e0 l\u2019origine de l\u2019essor fulgurant de \u00ab L\u2019Isle Textile \u00bb, au Moyen-\u00c2ge. D\u00e9couverte exceptionnelle des Ateliers de la Manufacture laini\u00e8re, unique en France, pendant 1h30. Visite des 460 m<\/span><span style=\"font-size: var(--tec-font-size-4); color: var(--tec-color-text-primary); font-family: var(--tec-font-family-sans-serif);\">2 <\/span><span style=\"font-size: var(--tec-font-size-4); color: var(--tec-color-text-primary); font-family: var(--tec-font-family-sans-serif);\">de dispositifs interactifs et de multim\u00e9dia \u00e9ducatifs de La Filaventure, qui vous feront d\u00e9couvrir le m\u00e9tier de manufacturier.<\/span><\/p>\n<p><b>D\u00e9couvrez :\u00a0<\/b>le travail de la soie et de la laine dans l\u2019un des berceaux du Patrimoine textile fran\u00e7ais ; les outils industriels au bord de la Sorgue (roues \u00e0 aubes, moulins \u00e0 foulon,&#8230;) datant de plus de deux si\u00e8cles ; le m\u00e9tier d\u2019artisan lainier.<\/p>\n<p><span style=\"color: #000000;\">La visite dure environ 2h30 et se fait sur r\u00e9servation (tarif 15,00\u20ac par personne, uniquement \u00e0 partir de 12 ans).<\/span><\/p>\n<p><span style=\"color: #000000;\">Si vous souhaitez compl\u00e9ter votre visite avec celle de notre mus\u00e9e sensoriel, celui-ci vous accueillera\u00a0de 10h00 \u00e0 12h30 et de 14h30 \u00e0 19h00.<\/span><br \/><span style=\"color: #000000;\">Entr\u00e9e gratuite pour les personnes ayant particip\u00e9 \u00e0 la visite des ateliers.<\/span><\/p>\n<h2><strong><span style=\"color: #000000;\">Pour plus d&rsquo;informations et pour toute r\u00e9servation :<\/span><\/strong><\/h2>\n<ul>\n<li><span style=\"color: #000000;\">par t\u00e9l\u00e9phone : 04 28 70 28 00 (Les visites se d\u00e9roulent tous les mardis)<\/span><\/li>\n<\/ul>\n<p>&nbsp;<\/p>\n<h3>Attention<\/h3>\n<p align=\"justify\">Certains b\u00e2timents de notre manufacture datent du d\u00e9but du XIX\u00e8me si\u00e8cle, la visite n&rsquo;est donc pas adapt\u00e9e aux personnes \u00e0 mobilit\u00e9 r\u00e9duite.<\/p>\n<p>[\/et_pb_text][\/et_pb_column_inner][\/et_pb_row_inner][\/et_pb_column][\/et_pb_section][et_pb_section fb_built=\u00a0\u00bb1&Prime; prev_background_color=\u00a0\u00bb#ffffff\u00a0\u00bb admin_label=\u00a0\u00bbNewsletter Section\u00a0\u00bb module_id=\u00a0\u00bbstopsticky\u00a0\u00bb module_class=\u00a0\u00bbstopsticky\u00a0\u00bb _builder_version=\u00a0\u00bb4.5.1&Prime; background_color=\u00a0\u00bb#ffffff\u00a0\u00bb background_image=\u00a0\u00bbhttps:\/\/www.lafilaventure.com\/wp-content\/uploads\/2020\/01\/MG_2867_compressed.jpg\u00a0\u00bb background_position=\u00a0\u00bbbottom_center\u00a0\u00bb custom_margin=\u00a0\u00bb45px|||||\u00a0\u00bb custom_margin_tablet=\u00a0\u00bb\u00a0\u00bb custom_margin_phone=\u00a0\u00bb-13px||||false|false\u00a0\u00bb custom_margin_last_edited=\u00a0\u00bbon|phone\u00a0\u00bb custom_padding=\u00a0\u00bb||83px|||\u00a0\u00bb top_divider_style=\u00a0\u00bbmountains2&Prime; top_divider_height=\u00a0\u00bb42px\u00a0\u00bb top_divider_flip=\u00a0\u00bbhorizontal\u00a0\u00bb global_module=\u00a0\u00bb11002&Prime; global_colors_info=\u00a0\u00bb{}\u00a0\u00bb][et_pb_row _builder_version=\u00a0\u00bb4.16&Prime; max_width=\u00a0\u00bb700px\u00a0\u00bb use_custom_width=\u00a0\u00bbon\u00a0\u00bb custom_width_px=\u00a0\u00bb700px\u00a0\u00bb global_colors_info=\u00a0\u00bb{}\u00a0\u00bb][et_pb_column type=\u00a0\u00bb4_4&Prime; _builder_version=\u00a0\u00bb4.16&Prime; custom_padding=\u00a0\u00bb|||\u00a0\u00bb global_colors_info=\u00a0\u00bb{}\u00a0\u00bb custom_padding__hover=\u00a0\u00bb|||\u00a0\u00bb][et_pb_text admin_label=\u00a0\u00bbNewsteller Heading\u00a0\u00bb _builder_version=\u00a0\u00bb4.16&Prime; text_font=\u00a0\u00bbGotham|600|||||||\u00a0\u00bb text_text_color=\u00a0\u00bb#FFFFFF\u00a0\u00bb text_font_size=\u00a0\u00bb32px\u00a0\u00bb text_line_height=\u00a0\u00bb1.8em\u00a0\u00bb header_font=\u00a0\u00bbDin|600|||||||\u00a0\u00bb header_text_align=\u00a0\u00bbcenter\u00a0\u00bb header_2_font=\u00a0\u00bbAbril Fatface||||||||\u00a0\u00bb header_2_text_align=\u00a0\u00bbcenter\u00a0\u00bb header_2_text_color=\u00a0\u00bb#3ccee2&Prime; header_2_font_size=\u00a0\u00bb36px\u00a0\u00bb header_2_line_height=\u00a0\u00bb1.3em\u00a0\u00bb text_orientation=\u00a0\u00bbcenter\u00a0\u00bb header_2_font_size_tablet=\u00a0\u00bb34px\u00a0\u00bb header_2_font_size_phone=\u00a0\u00bb30px\u00a0\u00bb header_2_font_size_last_edited=\u00a0\u00bbon|desktop\u00a0\u00bb global_colors_info=\u00a0\u00bb{}\u00a0\u00bb]<\/p>\n<p><span style=\"font-size: 130%;\">Inscrivez-vous d\u00e8s aujourd&rsquo;hui<\/span><br \/> to our Newsletter<\/p>\n<p>[\/et_pb_text][et_pb_signup mailchimp_list=\u00a0\u00bbAspen Grove Studios|82694db227&Prime; layout=\u00a0\u00bbtop_bottom\u00a0\u00bb first_name_field=\u00a0\u00bboff\u00a0\u00bb last_name_field=\u00a0\u00bboff\u00a0\u00bb button_text=\u00a0\u00bbS&rsquo;abonner\u00a0\u00bb admin_label=\u00a0\u00bbEmail Optin (.traveli-slim-email-optin)\u00a0\u00bb module_class=\u00a0\u00bbtraveli-slim-email-optin\u00a0\u00bb _builder_version=\u00a0\u00bb4.16&Prime; form_field_background_color=\u00a0\u00bb#ffffff\u00a0\u00bb form_field_text_color=\u00a0\u00bbrgba(0,0,0,0.54)\u00a0\u00bb form_field_focus_background_color=\u00a0\u00bb#ffffff\u00a0\u00bb header_font=\u00a0\u00bbGotham Bold||||||||\u00a0\u00bb body_font=\u00a0\u00bbDin||||||||\u00a0\u00bb result_message_font=\u00a0\u00bbDin||||||||\u00a0\u00bb form_field_font=\u00a0\u00bbRaleway||||||||\u00a0\u00bb form_field_text_align=\u00a0\u00bbleft\u00a0\u00bb form_field_font_size=\u00a0\u00bb18px\u00a0\u00bb use_background_color=\u00a0\u00bboff\u00a0\u00bb use_focus_border_color=\u00a0\u00bbon\u00a0\u00bb custom_button=\u00a0\u00bbon\u00a0\u00bb button_text_size=\u00a0\u00bb15px\u00a0\u00bb button_text_color=\u00a0\u00bb#ffffff\u00a0\u00bb button_bg_color=\u00a0\u00bb#00464d\u00a0\u00bb button_border_width=\u00a0\u00bb0px\u00a0\u00bb button_border_color=\u00a0\u00bb#f5a623&Prime; button_border_radius=\u00a0\u00bb4px\u00a0\u00bb button_letter_spacing=\u00a0\u00bb1px\u00a0\u00bb button_font=\u00a0\u00bbRaleway|600||on|||||\u00a0\u00bb button_use_icon=\u00a0\u00bboff\u00a0\u00bb max_width=\u00a0\u00bb600px\u00a0\u00bb module_alignment=\u00a0\u00bbcenter\u00a0\u00bb custom_padding=\u00a0\u00bb|||\u00a0\u00bb custom_css_newsletter_fields=\u00a0\u00bbpadding: 0 20px !important;||height: 45px;||line-height: 45px !important;||\u00a0\u00bb custom_css_newsletter_button=\u00a0\u00bbpadding: 0 15px !important;||height: 45px;||line-height: 45px !important;\u00a0\u00bb border_radii_fields=\u00a0\u00bbon|4px|4px|4px|4px\u00a0\u00bb border_width_all_fields=\u00a0\u00bb1px\u00a0\u00bb border_color_all_fields=\u00a0\u00bb#d8d8d8&Prime; border_radii_fields_focus=\u00a0\u00bbon|4px|4px|4px|4px\u00a0\u00bb border_width_all_fields_focus=\u00a0\u00bb1px\u00a0\u00bb border_color_all_fields_focus=\u00a0\u00bb#f5a623&Prime; button_text_color_hover=\u00a0\u00bb#ffffff\u00a0\u00bb button_border_color_hover=\u00a0\u00bb#e77156&Prime; button_bg_color_hover=\u00a0\u00bb#e77156&Prime; focus_background_color=\u00a0\u00bb#ffffff\u00a0\u00bb global_colors_info=\u00a0\u00bb{}\u00a0\u00bb button_text_size__hover_enabled=\u00a0\u00bboff\u00a0\u00bb button_text_size__hover=\u00a0\u00bbnull\u00a0\u00bb button_one_text_size__hover_enabled=\u00a0\u00bboff\u00a0\u00bb button_one_text_size__hover=\u00a0\u00bbnull\u00a0\u00bb button_two_text_size__hover_enabled=\u00a0\u00bboff\u00a0\u00bb button_two_text_size__hover=\u00a0\u00bbnull\u00a0\u00bb button_text_color__hover_enabled=\u00a0\u00bbon\u00a0\u00bb button_text_color__hover=\u00a0\u00bb#ffffff\u00a0\u00bb button_one_text_color__hover_enabled=\u00a0\u00bboff\u00a0\u00bb button_one_text_color__hover=\u00a0\u00bbnull\u00a0\u00bb button_two_text_color__hover_enabled=\u00a0\u00bboff\u00a0\u00bb button_two_text_color__hover=\u00a0\u00bbnull\u00a0\u00bb button_border_width__hover_enabled=\u00a0\u00bboff\u00a0\u00bb button_border_width__hover=\u00a0\u00bbnull\u00a0\u00bb button_one_border_width__hover_enabled=\u00a0\u00bboff\u00a0\u00bb button_one_border_width__hover=\u00a0\u00bbnull\u00a0\u00bb button_two_border_width__hover_enabled=\u00a0\u00bboff\u00a0\u00bb button_two_border_width__hover=\u00a0\u00bbnull\u00a0\u00bb button_border_color__hover_enabled=\u00a0\u00bbon\u00a0\u00bb button_border_color__hover=\u00a0\u00bb#3ccee2&Prime; button_one_border_color__hover_enabled=\u00a0\u00bboff\u00a0\u00bb button_one_border_color__hover=\u00a0\u00bbnull\u00a0\u00bb button_two_border_color__hover_enabled=\u00a0\u00bboff\u00a0\u00bb button_two_border_color__hover=\u00a0\u00bbnull\u00a0\u00bb button_border_radius__hover_enabled=\u00a0\u00bboff\u00a0\u00bb button_border_radius__hover=\u00a0\u00bbnull\u00a0\u00bb button_one_border_radius__hover_enabled=\u00a0\u00bboff\u00a0\u00bb button_one_border_radius__hover=\u00a0\u00bbnull\u00a0\u00bb button_two_border_radius__hover_enabled=\u00a0\u00bboff\u00a0\u00bb button_two_border_radius__hover=\u00a0\u00bbnull\u00a0\u00bb button_letter_spacing__hover_enabled=\u00a0\u00bboff\u00a0\u00bb button_letter_spacing__hover=\u00a0\u00bbnull\u00a0\u00bb button_one_letter_spacing__hover_enabled=\u00a0\u00bboff\u00a0\u00bb button_one_letter_spacing__hover=\u00a0\u00bbnull\u00a0\u00bb button_two_letter_spacing__hover_enabled=\u00a0\u00bboff\u00a0\u00bb button_two_letter_spacing__hover=\u00a0\u00bbnull\u00a0\u00bb button_bg_color__hover_enabled=\u00a0\u00bbon\u00a0\u00bb button_bg_color__hover=\u00a0\u00bb#3ccee2&Prime; button_one_bg_color__hover_enabled=\u00a0\u00bboff\u00a0\u00bb button_one_bg_color__hover=\u00a0\u00bbnull\u00a0\u00bb button_two_bg_color__hover_enabled=\u00a0\u00bboff\u00a0\u00bb button_two_bg_color__hover=\u00a0\u00bbnull\u00a0\u00bb][\/et_pb_signup][\/et_pb_column][\/et_pb_row][\/et_pb_section]<\/p>","protected":false},"excerpt":{"rendered":"<p>Programme des activit\u00e9s Billetterie et r\u00e9servations Infos pratiques Education Dates de visiteCircuit 1808 &nbsp; Nouvelle exp\u00e9rience de d\u00e9couverte in\u00e9dite qui combine un parcours dans la ville, une d\u00e9couverte des Ateliers de la Manufacture et une visite du Mus\u00e9e La Filaventure. Autrefois capitale textile, l\u2019Isle-sur-la-Sorgue a d\u00e9velopp\u00e9 des outils industriels en se dotant de roues \u00e0 [&hellip;]<\/p>","protected":false},"author":3,"featured_media":0,"parent":0,"menu_order":0,"comment_status":"closed","ping_status":"open","template":"","meta":{"_et_pb_use_builder":"on","_et_pb_old_content":"<!-- wp:paragraph -->\n<p>Ceci est une page d\u2019exemple. C\u2019est diff\u00e9rent d\u2019un article de blog parce qu\u2019elle restera au m\u00eame endroit et appara\u00eetra dans la navigation de votre site (dans la plupart des th\u00e8mes). La plupart des gens commencent par une page \u00ab&nbsp;\u00c0 propos&nbsp;\u00bb qui les pr\u00e9sente aux visiteurs du site. Cela pourrait ressembler \u00e0 quelque chose comme cela&nbsp;:<\/p>\n<!-- \/wp:paragraph -->\n\n<!-- wp:quote -->\n<blockquote class=\"wp-block-quote\"><p>Bonjour&nbsp;! Je suis un m\u00e9canicien qui aspire \u00e0 devenir acteur, et voici mon site. J\u2019habite \u00e0 Bordeaux, j\u2019ai un super chien baptis\u00e9 Russell, et j\u2019aime la vodka-ananas (ainsi qu\u2019\u00eatre surpris par la pluie soudaine lors de longues balades sur la plage au coucher du soleil).<\/p><\/blockquote>\n<!-- \/wp:quote -->\n\n<!-- wp:paragraph -->\n<p>... ou quelque chose comme cela&nbsp;:<\/p>\n<!-- \/wp:paragraph -->\n\n<!-- wp:quote -->\n<blockquote class=\"wp-block-quote\"><p>La soci\u00e9t\u00e9 123 Machin Truc a \u00e9t\u00e9 cr\u00e9\u00e9e en 1971, et n\u2019a cess\u00e9 de proposer au public des machins-trucs de qualit\u00e9 depuis lors. Situ\u00e9e \u00e0 Saint-Remy-en-Bouzemont-Saint-Genest-et-Isson, 123 Machin Truc emploie 2 000 personnes, et fabrique toutes sortes de bidules super pour la communaut\u00e9 bouzemontoise.<\/p><\/blockquote>\n<!-- \/wp:quote -->\n\n<!-- wp:paragraph -->\n<p>En tant que nouvel\u00b7le utilisateur ou utilisatrice de WordPress, vous devriez vous rendre sur <a href=\"https:\/\/www.lafilaventure.com\/wp-admin\/\">votre tableau de bord<\/a> pour supprimer cette page et cr\u00e9er de nouvelles pages pour votre contenu. Amusez-vous bien&nbsp;!<\/p>\n<!-- \/wp:paragraph -->","_et_gb_content_width":"","footnotes":""},"class_list":["post-2","page","type-page","status-publish","hentry"],"yoast_head":"<!-- This site is optimized with the Yoast SEO plugin v20.7 - https:\/\/yoast.com\/wordpress\/plugins\/seo\/ -->\n<title>Agenda &ndash; La Filaventure<\/title>\n<meta name=\"description\" content=\"Venez d\u00e9couvrir lors d\u2019une visite les coulisses de notre Manufacture et de notre mus\u00e9e sensoriel La Filaventure. R\u00e9servez vite !\" \/>\n<meta name=\"robots\" content=\"index, follow, max-snippet:-1, max-image-preview:large, max-video-preview:-1\" \/>\n<link rel=\"canonical\" href=\"https:\/\/www.lafilaventure.com\/en\/agenda\/\" \/>\n<meta property=\"og:locale\" content=\"en_GB\" \/>\n<meta property=\"og:type\" content=\"article\" \/>\n<meta property=\"og:title\" content=\"Agenda &ndash; La Filaventure\" \/>\n<meta property=\"og:description\" content=\"Venez d\u00e9couvrir lors d\u2019une visite les coulisses de notre Manufacture et de notre mus\u00e9e sensoriel La Filaventure. R\u00e9servez vite !\" \/>\n<meta property=\"og:url\" content=\"https:\/\/www.lafilaventure.com\/en\/agenda\/\" \/>\n<meta property=\"og:site_name\" content=\"La Filaventure\" \/>\n<meta property=\"article:modified_time\" content=\"2025-01-09T10:41:30+00:00\" \/>\n<meta name=\"twitter:card\" content=\"summary_large_image\" \/>\n<meta name=\"twitter:label1\" content=\"Estimated reading time\" \/>\n\t<meta name=\"twitter:data1\" content=\"2 minutes\" \/>\n<script type=\"application\/ld+json\" class=\"yoast-schema-graph\">{\"@context\":\"https:\/\/schema.org\",\"@graph\":[{\"@type\":\"WebPage\",\"@id\":\"https:\/\/www.lafilaventure.com\/agenda\/\",\"url\":\"https:\/\/www.lafilaventure.com\/agenda\/\",\"name\":\"Agenda &ndash; La Filaventure\",\"isPartOf\":{\"@id\":\"https:\/\/www.lafilaventure.com\/en\/#website\"},\"datePublished\":\"2019-10-21T15:47:12+00:00\",\"dateModified\":\"2025-01-09T10:41:30+00:00\",\"description\":\"Venez d\u00e9couvrir lors d\u2019une visite les coulisses de notre Manufacture et de notre mus\u00e9e sensoriel La Filaventure. R\u00e9servez vite !\",\"breadcrumb\":{\"@id\":\"https:\/\/www.lafilaventure.com\/agenda\/#breadcrumb\"},\"inLanguage\":\"en-GB\",\"potentialAction\":[{\"@type\":\"ReadAction\",\"target\":[\"https:\/\/www.lafilaventure.com\/agenda\/\"]}]},{\"@type\":\"BreadcrumbList\",\"@id\":\"https:\/\/www.lafilaventure.com\/agenda\/#breadcrumb\",\"itemListElement\":[{\"@type\":\"ListItem\",\"position\":1,\"name\":\"Home\",\"item\":\"https:\/\/www.lafilaventure.com\/\"},{\"@type\":\"ListItem\",\"position\":2,\"name\":\"Agenda\"}]},{\"@type\":\"WebSite\",\"@id\":\"https:\/\/www.lafilaventure.com\/en\/#website\",\"url\":\"https:\/\/www.lafilaventure.com\/en\/\",\"name\":\"La Filaventure - Brun de Vian Tiran\",\"description\":\"\",\"publisher\":{\"@id\":\"https:\/\/www.lafilaventure.com\/en\/#organization\"},\"potentialAction\":[{\"@type\":\"SearchAction\",\"target\":{\"@type\":\"EntryPoint\",\"urlTemplate\":\"https:\/\/www.lafilaventure.com\/en\/?s={search_term_string}\"},\"query-input\":\"required name=search_term_string\"}],\"inLanguage\":\"en-GB\"},{\"@type\":\"Organization\",\"@id\":\"https:\/\/www.lafilaventure.com\/en\/#organization\",\"name\":\"La Filaventure\",\"url\":\"https:\/\/www.lafilaventure.com\/en\/\",\"logo\":{\"@type\":\"ImageObject\",\"inLanguage\":\"en-GB\",\"@id\":\"https:\/\/www.lafilaventure.com\/en\/#\/schema\/logo\/image\/\",\"url\":\"https:\/\/www.lafilaventure.com\/wp-content\/uploads\/2020\/02\/LaFilaventure_logo_white_letter-e1583401667306.png\",\"contentUrl\":\"https:\/\/www.lafilaventure.com\/wp-content\/uploads\/2020\/02\/LaFilaventure_logo_white_letter-e1583401667306.png\",\"width\":1200,\"height\":537,\"caption\":\"La Filaventure\"},\"image\":{\"@id\":\"https:\/\/www.lafilaventure.com\/en\/#\/schema\/logo\/image\/\"}}]}<\/script>\n<!-- \/ Yoast SEO plugin. -->","yoast_head_json":{"title":"Agenda &ndash; La Filaventure","description":"Venez d\u00e9couvrir lors d\u2019une visite les coulisses de notre Manufacture et de notre mus\u00e9e sensoriel La Filaventure. R\u00e9servez vite !","robots":{"index":"index","follow":"follow","max-snippet":"max-snippet:-1","max-image-preview":"max-image-preview:large","max-video-preview":"max-video-preview:-1"},"canonical":"https:\/\/www.lafilaventure.com\/en\/agenda\/","og_locale":"en_GB","og_type":"article","og_title":"Agenda &ndash; La Filaventure","og_description":"Venez d\u00e9couvrir lors d\u2019une visite les coulisses de notre Manufacture et de notre mus\u00e9e sensoriel La Filaventure. R\u00e9servez vite !","og_url":"https:\/\/www.lafilaventure.com\/en\/agenda\/","og_site_name":"La Filaventure","article_modified_time":"2025-01-09T10:41:30+00:00","twitter_card":"summary_large_image","twitter_misc":{"Estimated reading time":"2 minutes"},"schema":{"@context":"https:\/\/schema.org","@graph":[{"@type":"WebPage","@id":"https:\/\/www.lafilaventure.com\/agenda\/","url":"https:\/\/www.lafilaventure.com\/agenda\/","name":"Agenda &ndash; La Filaventure","isPartOf":{"@id":"https:\/\/www.lafilaventure.com\/en\/#website"},"datePublished":"2019-10-21T15:47:12+00:00","dateModified":"2025-01-09T10:41:30+00:00","description":"Venez d\u00e9couvrir lors d\u2019une visite les coulisses de notre Manufacture et de notre mus\u00e9e sensoriel La Filaventure. R\u00e9servez vite !","breadcrumb":{"@id":"https:\/\/www.lafilaventure.com\/agenda\/#breadcrumb"},"inLanguage":"en-GB","potentialAction":[{"@type":"ReadAction","target":["https:\/\/www.lafilaventure.com\/agenda\/"]}]},{"@type":"BreadcrumbList","@id":"https:\/\/www.lafilaventure.com\/agenda\/#breadcrumb","itemListElement":[{"@type":"ListItem","position":1,"name":"Home","item":"https:\/\/www.lafilaventure.com\/"},{"@type":"ListItem","position":2,"name":"Agenda"}]},{"@type":"WebSite","@id":"https:\/\/www.lafilaventure.com\/en\/#website","url":"https:\/\/www.lafilaventure.com\/en\/","name":"La Filaventure - Brun de Vian Tiran","description":"","publisher":{"@id":"https:\/\/www.lafilaventure.com\/en\/#organization"},"potentialAction":[{"@type":"SearchAction","target":{"@type":"EntryPoint","urlTemplate":"https:\/\/www.lafilaventure.com\/en\/?s={search_term_string}"},"query-input":"required name=search_term_string"}],"inLanguage":"en-GB"},{"@type":"Organization","@id":"https:\/\/www.lafilaventure.com\/en\/#organization","name":"La Filaventure","url":"https:\/\/www.lafilaventure.com\/en\/","logo":{"@type":"ImageObject","inLanguage":"en-GB","@id":"https:\/\/www.lafilaventure.com\/en\/#\/schema\/logo\/image\/","url":"https:\/\/www.lafilaventure.com\/wp-content\/uploads\/2020\/02\/LaFilaventure_logo_white_letter-e1583401667306.png","contentUrl":"https:\/\/www.lafilaventure.com\/wp-content\/uploads\/2020\/02\/LaFilaventure_logo_white_letter-e1583401667306.png","width":1200,"height":537,"caption":"La Filaventure"},"image":{"@id":"https:\/\/www.lafilaventure.com\/en\/#\/schema\/logo\/image\/"}}]}},"_links":{"self":[{"href":"https:\/\/www.lafilaventure.com\/en\/wp-json\/wp\/v2\/pages\/2","targetHints":{"allow":["GET"]}}],"collection":[{"href":"https:\/\/www.lafilaventure.com\/en\/wp-json\/wp\/v2\/pages"}],"about":[{"href":"https:\/\/www.lafilaventure.com\/en\/wp-json\/wp\/v2\/types\/page"}],"author":[{"embeddable":true,"href":"https:\/\/www.lafilaventure.com\/en\/wp-json\/wp\/v2\/users\/3"}],"replies":[{"embeddable":true,"href":"https:\/\/www.lafilaventure.com\/en\/wp-json\/wp\/v2\/comments?post=2"}],"version-history":[{"count":71,"href":"https:\/\/www.lafilaventure.com\/en\/wp-json\/wp\/v2\/pages\/2\/revisions"}],"predecessor-version":[{"id":15735,"href":"https:\/\/www.lafilaventure.com\/en\/wp-json\/wp\/v2\/pages\/2\/revisions\/15735"}],"wp:attachment":[{"href":"https:\/\/www.lafilaventure.com\/en\/wp-json\/wp\/v2\/media?parent=2"}],"curies":[{"name":"wp","href":"https:\/\/api.w.org\/{rel}","templated":true}]}}